{"id":3325,"date":"2022-07-14T11:50:47","date_gmt":"2022-07-14T11:50:47","guid":{"rendered":"https:\/\/www.alcudiaseatrips.com\/hochzeit\/"},"modified":"2026-03-20T10:20:31","modified_gmt":"2026-03-20T10:20:31","slug":"hochzeit","status":"publish","type":"page","link":"https:\/\/www.alcudiaseatrips.com\/de\/hochzeit\/","title":{"rendered":"Hochzeit"},"content":{"rendered":"\t\t<div data-elementor-type=\"wp-page\" data-elementor-id=\"3325\" class=\"elementor elementor-3325 elementor-2715\" data-elementor-post-type=\"page\">\n\t\t\t\t\t\t<section class=\"elementor-section elementor-top-section elementor-element elementor-element-4b625c2 elementor-section-full_width elementor-section-height-min-height elementor-section-items-bottom elementor-section-height-default\" data-id=\"4b625c2\" data-element_type=\"section\" data-e-type=\"section\" data-settings=\"{&quot;background_background&quot;:&quot;slideshow&quot;,&quot;background_slideshow_gallery&quot;:[{&quot;id&quot;:2730,&quot;url&quot;:&quot;https:\\\/\\\/www.alcudiaseatrips.com\\\/wp-content\\\/uploads\\\/2022\\\/07\\\/alquiler-barco-boda-mallorca.jpg&quot;},{&quot;id&quot;:2734,&quot;url&quot;:&quot;https:\\\/\\\/www.alcudiaseatrips.com\\\/wp-content\\\/uploads\\\/2022\\\/07\\\/alquiler-barco-boda-mallorca1.jpg&quot;},{&quot;id&quot;:2738,&quot;url&quot;:&quot;https:\\\/\\\/www.alcudiaseatrips.com\\\/wp-content\\\/uploads\\\/2022\\\/07\\\/alquiler-barco-boda-mallorca11.jpg&quot;},{&quot;id&quot;:2742,&quot;url&quot;:&quot;https:\\\/\\\/www.alcudiaseatrips.com\\\/wp-content\\\/uploads\\\/2022\\\/07\\\/alquiler-barco-boda-mallorca2.jpg&quot;},{&quot;id&quot;:2746,&quot;url&quot;:&quot;https:\\\/\\\/www.alcudiaseatrips.com\\\/wp-content\\\/uploads\\\/2022\\\/07\\\/alquiler-barco-boda-mallorca3.jpg&quot;},{&quot;id&quot;:2750,&quot;url&quot;:&quot;https:\\\/\\\/www.alcudiaseatrips.com\\\/wp-content\\\/uploads\\\/2022\\\/07\\\/alquiler-barco-boda-mallorca31.jpg&quot;},{&quot;id&quot;:2754,&quot;url&quot;:&quot;https:\\\/\\\/www.alcudiaseatrips.com\\\/wp-content\\\/uploads\\\/2022\\\/07\\\/alquiler-barco-boda-mallorca_3.jpg&quot;},{&quot;id&quot;:2758,&quot;url&quot;:&quot;https:\\\/\\\/www.alcudiaseatrips.com\\\/wp-content\\\/uploads\\\/2022\\\/07\\\/alquiler-barco-boda-mallorca_4.jpg&quot;},{&quot;id&quot;:2762,&quot;url&quot;:&quot;https:\\\/\\\/www.alcudiaseatrips.com\\\/wp-content\\\/uploads\\\/2022\\\/07\\\/alquiler-barco-boda-mallorca_5.jpg&quot;},{&quot;id&quot;:2766,&quot;url&quot;:&quot;https:\\\/\\\/www.alcudiaseatrips.com\\\/wp-content\\\/uploads\\\/2022\\\/07\\\/alquiler-barco-boda-mallorca33.jpg&quot;}],&quot;background_slideshow_loop&quot;:&quot;yes&quot;,&quot;background_slideshow_slide_duration&quot;:5000,&quot;background_slideshow_slide_transition&quot;:&quot;fade&quot;,&quot;background_slideshow_transition_duration&quot;:500}\">\n\t\t\t\t\t\t\t<div class=\"elementor-background-overlay\"><\/div>\n\t\t\t\t\t\t\t<div class=\"elementor-container elementor-column-gap-default\">\n\t\t\t\t\t<div data-dce-background-color=\"#000000E3\" class=\"elementor-column elementor-col-100 elementor-top-column elementor-element elementor-element-0763651\" data-id=\"0763651\" data-element_type=\"column\" data-e-type=\"column\" data-settings=\"{&quot;background_background&quot;:&quot;gradient&quot;}\">\n\t\t\t<div class=\"elementor-widget-wrap elementor-element-populated\">\n\t\t\t\t\t\t<section class=\"elementor-section elementor-inner-section elementor-element elementor-element-a130165 elementor-section-full_width mw80pc elementor-section-height-default elementor-section-height-default\" data-id=\"a130165\" data-element_type=\"section\" data-e-type=\"section\">\n\t\t\t\t\t\t<div class=\"elementor-container elementor-column-gap-default\">\n\t\t\t\t\t<div class=\"elementor-column elementor-col-100 elementor-inner-column elementor-element elementor-element-12f2a16\" data-id=\"12f2a16\" data-element_type=\"column\" data-e-type=\"column\">\n\t\t\t<div class=\"elementor-widget-wrap elementor-element-populated\">\n\t\t\t\t\t\t<div data-dce-title-color=\"#FFDC06\" class=\"elementor-element elementor-element-9df9b49 elementor-widget elementor-widget-heading\" data-id=\"9df9b49\" data-element_type=\"widget\" data-e-type=\"widget\" data-widget_type=\"heading.default\">\n\t\t\t\t<div class=\"elementor-widget-container\">\n\t\t\t\t\t<h1 class=\"elementor-heading-title elementor-size-default\">Bootsverleih f\u00fcr Hochzeiten auf Mallorca<\/h1>\t\t\t\t<\/div>\n\t\t\t\t<\/div>\n\t\t\t\t<div data-dce-title-color=\"#FFFFFF\" class=\"elementor-element elementor-element-1566d8a mw600m0 elementor-widget elementor-widget-heading\" data-id=\"1566d8a\" data-element_type=\"widget\" data-e-type=\"widget\" data-widget_type=\"heading.default\">\n\t\t\t\t<div class=\"elementor-widget-container\">\n\t\t\t\t\t<h3 class=\"elementor-heading-title elementor-size-default\">Feiern Sie Ihre Hochzeit auf unserem Katamaran<\/h3>\t\t\t\t<\/div>\n\t\t\t\t<\/div>\n\t\t\t\t\t<\/div>\n\t\t<\/div>\n\t\t\t\t\t<\/div>\n\t\t<\/section>\n\t\t\t\t\t<\/div>\n\t\t<\/div>\n\t\t\t\t\t<\/div>\n\t\t<\/section>\n\t\t\t\t<section class=\"elementor-section elementor-top-section elementor-element elementor-element-d839f34 elementor-section-boxed elementor-section-height-default elementor-section-height-default\" data-id=\"d839f34\" data-element_type=\"section\" data-e-type=\"section\">\n\t\t\t\t\t\t<div class=\"elementor-container elementor-column-gap-default\">\n\t\t\t\t\t<div class=\"elementor-column elementor-col-100 elementor-top-column elementor-element elementor-element-da0dfde\" data-id=\"da0dfde\" data-element_type=\"column\" data-e-type=\"column\">\n\t\t\t<div class=\"elementor-widget-wrap elementor-element-populated\">\n\t\t\t\t\t\t<div class=\"elementor-element elementor-element-6a2647d elementor-widget elementor-widget-spacer\" data-id=\"6a2647d\" data-element_type=\"widget\" data-e-type=\"widget\" data-widget_type=\"spacer.default\">\n\t\t\t\t<div class=\"elementor-widget-container\">\n\t\t\t\t\t\t\t<div class=\"elementor-spacer\">\n\t\t\t<div class=\"elementor-spacer-inner\"><\/div>\n\t\t<\/div>\n\t\t\t\t\t\t<\/div>\n\t\t\t\t<\/div>\n\t\t\t\t<div class=\"elementor-element elementor-element-a7e0a0e mw800m0 elementor-widget elementor-widget-text-editor\" data-id=\"a7e0a0e\" data-element_type=\"widget\" data-e-type=\"widget\" data-widget_type=\"text-editor.default\">\n\t\t\t\t<div class=\"elementor-widget-container\">\n\t\t\t\t\t\t\t\t\tEine andere und originelle Art und Weise diesen besonderen Tag zu feiern. W\u00e4hlen Sie einen beliebigen Punkt an unserer sch\u00f6nen K\u00fcste aus, und wir werden Ihre Hochzeit unvergesslich gestalten und uns auch um das kleinste Detail k\u00fcmmern.\t\t\t\t\t\t\t\t<\/div>\n\t\t\t\t<\/div>\n\t\t\t\t<div class=\"elementor-element elementor-element-4e309f9 elementor-widget elementor-widget-spacer\" data-id=\"4e309f9\" data-element_type=\"widget\" data-e-type=\"widget\" data-widget_type=\"spacer.default\">\n\t\t\t\t<div class=\"elementor-widget-container\">\n\t\t\t\t\t\t\t<div class=\"elementor-spacer\">\n\t\t\t<div class=\"elementor-spacer-inner\"><\/div>\n\t\t<\/div>\n\t\t\t\t\t\t<\/div>\n\t\t\t\t<\/div>\n\t\t\t\t<div class=\"elementor-element elementor-element-32fd862 mw800m0 elementor-button-align-stretch elementor-widget elementor-widget-form\" data-id=\"32fd862\" data-element_type=\"widget\" data-e-type=\"widget\" data-settings=\"{&quot;step_next_label&quot;:&quot;Next&quot;,&quot;step_previous_label&quot;:&quot;Previous&quot;,&quot;button_width&quot;:&quot;100&quot;,&quot;step_type&quot;:&quot;number_text&quot;,&quot;step_icon_shape&quot;:&quot;circle&quot;}\" data-widget_type=\"form.default\">\n\t\t\t\t<div class=\"elementor-widget-container\">\n\t\t\t\t\t\t\t<form class=\"elementor-form\" method=\"post\" name=\"New Form\" aria-label=\"New Form\">\n\t\t\t<input type=\"hidden\" name=\"post_id\" value=\"3325\"\/>\n\t\t\t<input type=\"hidden\" name=\"form_id\" value=\"32fd862\"\/>\n\t\t\t<input type=\"hidden\" name=\"referer_title\" value=\"Hochzeit - Alcudia Sea Trips\" \/>\n\n\t\t\t\t\t\t\t<input type=\"hidden\" name=\"queried_id\" value=\"3325\"\/>\n\t\t\t\n\t\t\t<div class=\"elementor-form-fields-wrapper elementor-labels-\">\n\t\t\t\t\t\t\t\t<div class=\"elementor-field-type-text elementor-field-group elementor-column elementor-field-group-name elementor-col-50 elementor-field-required\">\n\t\t\t\t\t\t\t\t\t\t\t\t<label for=\"form-field-name\" class=\"elementor-field-label elementor-screen-only\">\n\t\t\t\t\t\t\t\tNAME\t\t\t\t\t\t\t<\/label>\n\t\t\t\t\t\t\t\t\t\t\t\t\t\t<input size=\"1\" type=\"text\" name=\"form_fields[name]\" id=\"form-field-name\" class=\"elementor-field elementor-size-sm  elementor-field-textual\" placeholder=\"NAME\" required=\"required\">\n\t\t\t\t\t\t\t\t\t\t\t<\/div>\n\t\t\t\t\t\t\t\t<div class=\"elementor-field-type-text elementor-field-group elementor-column elementor-field-group-field_c861cb2 elementor-col-50\">\n\t\t\t\t\t\t\t\t\t\t\t\t<label for=\"form-field-field_c861cb2\" class=\"elementor-field-label elementor-screen-only\">\n\t\t\t\t\t\t\t\tNACHNAMEN\t\t\t\t\t\t\t<\/label>\n\t\t\t\t\t\t\t\t\t\t\t\t\t\t<input size=\"1\" type=\"text\" name=\"form_fields[field_c861cb2]\" id=\"form-field-field_c861cb2\" class=\"elementor-field elementor-size-sm  elementor-field-textual\" placeholder=\"NACHNAMEN\">\n\t\t\t\t\t\t\t\t\t\t\t<\/div>\n\t\t\t\t\t\t\t\t<div class=\"elementor-field-type-email elementor-field-group elementor-column elementor-field-group-email elementor-col-50 elementor-field-required\">\n\t\t\t\t\t\t\t\t\t\t\t\t<label for=\"form-field-email\" class=\"elementor-field-label elementor-screen-only\">\n\t\t\t\t\t\t\t\tEMAIL\t\t\t\t\t\t\t<\/label>\n\t\t\t\t\t\t\t\t\t\t\t\t\t\t<input size=\"1\" type=\"email\" name=\"form_fields[email]\" id=\"form-field-email\" class=\"elementor-field elementor-size-sm  elementor-field-textual\" placeholder=\"EMAIL\" required=\"required\">\n\t\t\t\t\t\t\t\t\t\t\t<\/div>\n\t\t\t\t\t\t\t\t<div class=\"elementor-field-type-tel elementor-field-group elementor-column elementor-field-group-field_25734bd elementor-col-50 elementor-field-required\">\n\t\t\t\t\t\t\t\t\t\t\t\t<label for=\"form-field-field_25734bd\" class=\"elementor-field-label elementor-screen-only\">\n\t\t\t\t\t\t\t\tTELEFON\t\t\t\t\t\t\t<\/label>\n\t\t\t\t\t\t\t\t<input size=\"1\" type=\"tel\" name=\"form_fields[field_25734bd]\" id=\"form-field-field_25734bd\" class=\"elementor-field elementor-size-sm  elementor-field-textual\" placeholder=\"TELEFON\" required=\"required\" pattern=\"[0-9()#&amp;+*-=.]+\" title=\"Nur Nummern oder Telefon-Zeichen (#, -, *, etc) werden akzeptiert.\">\n\n\t\t\t\t\t\t<\/div>\n\t\t\t\t\t\t\t\t<div class=\"elementor-field-type-select elementor-field-group elementor-column elementor-field-group-field_04b6c15 elementor-col-100\">\n\t\t\t\t\t\t\t\t\t\t\t\t<label for=\"form-field-field_04b6c15\" class=\"elementor-field-label elementor-screen-only\">\n\t\t\t\t\t\t\t\tEREIGNISSE\t\t\t\t\t\t\t<\/label>\n\t\t\t\t\t\t\t\t<div class=\"elementor-field elementor-select-wrapper remove-before \">\n\t\t\t<div class=\"select-caret-down-wrapper\">\n\t\t\t\t<i aria-hidden=\"true\" class=\"eicon-caret-down\"><\/i>\t\t\t<\/div>\n\t\t\t<select name=\"form_fields[field_04b6c15]\" id=\"form-field-field_04b6c15\" class=\"elementor-field-textual elementor-size-sm\">\n\t\t\t\t\t\t\t\t\t<option value=\"FIRMENEVENT\">FIRMENEVENT<\/option>\n\t\t\t\t\t\t\t\t\t<option value=\"PRIVATE VERANSTALTUNG\">PRIVATE VERANSTALTUNG<\/option>\n\t\t\t\t\t\t\t\t\t<option value=\"HOCHZEIT\">HOCHZEIT<\/option>\n\t\t\t\t\t\t\t<\/select>\n\t\t<\/div>\n\t\t\t\t\t\t<\/div>\n\t\t\t\t\t\t\t\t<div class=\"elementor-field-type-number elementor-field-group elementor-column elementor-field-group-field_f2993fa elementor-col-50 elementor-field-required\">\n\t\t\t\t\t\t\t\t\t\t\t\t<label for=\"form-field-field_f2993fa\" class=\"elementor-field-label elementor-screen-only\">\n\t\t\t\t\t\t\t\tANZAHL DER ERWACHSENEN\t\t\t\t\t\t\t<\/label>\n\t\t\t\t\t\t\t\t\t<input type=\"number\" name=\"form_fields[field_f2993fa]\" id=\"form-field-field_f2993fa\" class=\"elementor-field elementor-size-sm  elementor-field-textual\" placeholder=\"ANZAHL DER ERWACHSENEN\" required=\"required\" min=\"\" max=\"\" >\n\t\t\t\t\t\t<\/div>\n\t\t\t\t\t\t\t\t<div class=\"elementor-field-type-number elementor-field-group elementor-column elementor-field-group-field_842bc62 elementor-col-50\">\n\t\t\t\t\t\t\t\t\t\t\t\t<label for=\"form-field-field_842bc62\" class=\"elementor-field-label elementor-screen-only\">\n\t\t\t\t\t\t\t\tANZAHL DER KINDER\t\t\t\t\t\t\t<\/label>\n\t\t\t\t\t\t\t\t\t<input type=\"number\" name=\"form_fields[field_842bc62]\" id=\"form-field-field_842bc62\" class=\"elementor-field elementor-size-sm  elementor-field-textual\" placeholder=\"ANZAHL DER KINDER\" min=\"\" max=\"\" >\n\t\t\t\t\t\t<\/div>\n\t\t\t\t\t\t\t\t<div class=\"elementor-field-type-date elementor-field-group elementor-column elementor-field-group-field_e38090b elementor-col-100 elementor-field-required\">\n\t\t\t\t\t\t\t\t\t\t\t\t<label for=\"form-field-field_e38090b\" class=\"elementor-field-label elementor-screen-only\">\n\t\t\t\t\t\t\t\tDATUM\t\t\t\t\t\t\t<\/label>\n\t\t\t\t\t\t\n\t\t<input type=\"date\" name=\"form_fields[field_e38090b]\" id=\"form-field-field_e38090b\" class=\"elementor-field elementor-size-sm  elementor-field-textual elementor-date-field\" placeholder=\"DATUM\" required=\"required\" pattern=\"[0-9]{4}-[0-9]{2}-[0-9]{2}\">\n\t\t\t\t\t\t<\/div>\n\t\t\t\t\t\t\t\t<div class=\"elementor-field-type-textarea elementor-field-group elementor-column elementor-field-group-message elementor-col-100\">\n\t\t\t\t\t\t\t\t\t\t\t\t<label for=\"form-field-message\" class=\"elementor-field-label elementor-screen-only\">\n\t\t\t\t\t\t\t\tKOMMENTARE\t\t\t\t\t\t\t<\/label>\n\t\t\t\t\t\t<textarea class=\"elementor-field-textual elementor-field  elementor-size-sm\" name=\"form_fields[message]\" id=\"form-field-message\" rows=\"4\" placeholder=\"KOMMENTARE\"><\/textarea>\t\t\t\t<\/div>\n\t\t\t\t\t\t\t\t<div class=\"elementor-field-type-acceptance elementor-field-group elementor-column elementor-field-group-field_baaedc6 elementor-col-100 elementor-field-required\">\n\t\t\t\t\t\t\t\t\t\t\t\t<label for=\"form-field-field_baaedc6\" class=\"elementor-field-label elementor-screen-only\">\n\t\t\t\t\t\t\t\tBOTSCHAFT\t\t\t\t\t\t\t<\/label>\n\t\t\t\t\t\t\t\t<div class=\"elementor-field-subgroup\">\n\t\t\t<span class=\"elementor-field-option\">\n\t\t\t\t<input type=\"checkbox\" name=\"form_fields[field_baaedc6]\" id=\"form-field-field_baaedc6\" class=\"elementor-field elementor-size-sm  elementor-acceptance-field\" required=\"required\">\n\t\t\t\t<label for=\"form-field-field_baaedc6\">Ich habe die gelesen und akzeptiere sie  <a href=\"https:\/\/www.alcudiaseatrips.com\/de\/datenschutzerklaerung\/\">Datenschutz-Bestimmungen<\/a><\/label>\t\t\t<\/span>\n\t\t<\/div>\n\t\t\t\t\t\t<\/div>\n\t\t\t\t\t\t\t\t<div class=\"elementor-field-group elementor-column elementor-field-type-submit elementor-col-100 e-form__buttons\">\n\t\t\t\t\t<button class=\"elementor-button elementor-size-sm\" type=\"submit\">\n\t\t\t\t\t\t<span class=\"elementor-button-content-wrapper\">\n\t\t\t\t\t\t\t\t\t\t\t\t\t\t\t\t\t\t\t\t\t\t<span class=\"elementor-button-text\">SENDEN<\/span>\n\t\t\t\t\t\t\t\t\t\t\t\t\t<\/span>\n\t\t\t\t\t<\/button>\n\t\t\t\t<\/div>\n\t\t\t<\/div>\n\t\t<\/form>\n\t\t\t\t\t\t<\/div>\n\t\t\t\t<\/div>\n\t\t\t\t<div class=\"elementor-element elementor-element-3c93989 elementor-widget elementor-widget-spacer\" data-id=\"3c93989\" data-element_type=\"widget\" data-e-type=\"widget\" data-widget_type=\"spacer.default\">\n\t\t\t\t<div class=\"elementor-widget-container\">\n\t\t\t\t\t\t\t<div class=\"elementor-spacer\">\n\t\t\t<div class=\"elementor-spacer-inner\"><\/div>\n\t\t<\/div>\n\t\t\t\t\t\t<\/div>\n\t\t\t\t<\/div>\n\t\t\t\t\t<\/div>\n\t\t<\/div>\n\t\t\t\t\t<\/div>\n\t\t<\/section>\n\t\t\t\t<\/div>\n\t\t","protected":false},"excerpt":{"rendered":"<p>Bootsverleih f\u00fcr Hochzeiten auf Mallorca Feiern Sie Ihre Hochzeit auf unserem Katamaran Eine andere und originelle Art und Weise diesen besonderen Tag zu feiern. W\u00e4hlen Sie einen beliebigen Punkt an unserer sch\u00f6nen K\u00fcste aus, und wir werden Ihre Hochzeit unvergesslich gestalten und uns auch um das kleinste Detail k\u00fcmmern.<\/p>\n","protected":false},"author":1,"featured_media":0,"parent":0,"menu_order":0,"comment_status":"closed","ping_status":"closed","template":"","meta":{"_acf_changed":false,"_glsr_average":0,"_glsr_ranking":0,"_glsr_reviews":0,"footnotes":""},"class_list":["post-3325","page","type-page","status-publish","hentry"],"acf":[],"yoast_head":"<!-- This site is optimized with the Yoast SEO plugin v24.2 - https:\/\/yoast.com\/wordpress\/plugins\/seo\/ -->\n<title>Hochzeit - Alcudia Sea Trips<\/title>\n<meta name=\"robots\" content=\"index, follow, max-snippet:-1, max-image-preview:large, max-video-preview:-1\" \/>\n<link rel=\"canonical\" href=\"https:\/\/www.alcudiaseatrips.com\/de\/hochzeit\/\" \/>\n<meta property=\"og:locale\" content=\"de_DE\" \/>\n<meta property=\"og:type\" content=\"article\" \/>\n<meta property=\"og:title\" content=\"Hochzeit - Alcudia Sea Trips\" \/>\n<meta property=\"og:description\" content=\"Bootsverleih f\u00fcr Hochzeiten auf Mallorca Feiern Sie Ihre Hochzeit auf unserem Katamaran Eine andere und originelle Art und Weise diesen besonderen Tag zu feiern. W\u00e4hlen Sie einen beliebigen Punkt an unserer sch\u00f6nen K\u00fcste aus, und wir werden Ihre Hochzeit unvergesslich gestalten und uns auch um das kleinste Detail k\u00fcmmern.\" \/>\n<meta property=\"og:url\" content=\"https:\/\/www.alcudiaseatrips.com\/de\/hochzeit\/\" \/>\n<meta property=\"og:site_name\" content=\"Alcudia Sea Trips\" \/>\n<meta property=\"article:publisher\" content=\"https:\/\/www.facebook.com\/alcudiaseatrips\/\" \/>\n<meta property=\"article:modified_time\" content=\"2026-03-20T10:20:31+00:00\" \/>\n<meta name=\"twitter:card\" content=\"summary_large_image\" \/>\n<script type=\"application\/ld+json\" class=\"yoast-schema-graph\">{\"@context\":\"https:\/\/schema.org\",\"@graph\":[{\"@type\":\"WebPage\",\"@id\":\"https:\/\/www.alcudiaseatrips.com\/de\/hochzeit\/\",\"url\":\"https:\/\/www.alcudiaseatrips.com\/de\/hochzeit\/\",\"name\":\"Hochzeit - Alcudia Sea Trips\",\"isPartOf\":{\"@id\":\"https:\/\/www.alcudiaseatrips.com\/de\/#website\"},\"datePublished\":\"2022-07-14T11:50:47+00:00\",\"dateModified\":\"2026-03-20T10:20:31+00:00\",\"breadcrumb\":{\"@id\":\"https:\/\/www.alcudiaseatrips.com\/de\/hochzeit\/#breadcrumb\"},\"inLanguage\":\"de\",\"potentialAction\":[{\"@type\":\"ReadAction\",\"target\":[\"https:\/\/www.alcudiaseatrips.com\/de\/hochzeit\/\"]}]},{\"@type\":\"BreadcrumbList\",\"@id\":\"https:\/\/www.alcudiaseatrips.com\/de\/hochzeit\/#breadcrumb\",\"itemListElement\":[{\"@type\":\"ListItem\",\"position\":1,\"name\":\"Portada\",\"item\":\"https:\/\/www.alcudiaseatrips.com\/de\/\"},{\"@type\":\"ListItem\",\"position\":2,\"name\":\"Hochzeit\"}]},{\"@type\":\"WebSite\",\"@id\":\"https:\/\/www.alcudiaseatrips.com\/de\/#website\",\"url\":\"https:\/\/www.alcudiaseatrips.com\/de\/\",\"name\":\"Alcudia Sea Trips\",\"description\":\"Alcudia Sea Trips\",\"publisher\":{\"@id\":\"https:\/\/www.alcudiaseatrips.com\/de\/#organization\"},\"potentialAction\":[{\"@type\":\"SearchAction\",\"target\":{\"@type\":\"EntryPoint\",\"urlTemplate\":\"https:\/\/www.alcudiaseatrips.com\/de\/?s={search_term_string}\"},\"query-input\":{\"@type\":\"PropertyValueSpecification\",\"valueRequired\":true,\"valueName\":\"search_term_string\"}}],\"inLanguage\":\"de\"},{\"@type\":\"Organization\",\"@id\":\"https:\/\/www.alcudiaseatrips.com\/de\/#organization\",\"name\":\"Acudia Sea Trips\",\"url\":\"https:\/\/www.alcudiaseatrips.com\/de\/\",\"logo\":{\"@type\":\"ImageObject\",\"inLanguage\":\"de\",\"@id\":\"https:\/\/www.alcudiaseatrips.com\/de\/#\/schema\/logo\/image\/\",\"url\":\"https:\/\/www.alcudiaseatrips.com\/wp-content\/uploads\/2024\/05\/logo-alcudia-sea-trips-ver.jpg\",\"contentUrl\":\"https:\/\/www.alcudiaseatrips.com\/wp-content\/uploads\/2024\/05\/logo-alcudia-sea-trips-ver.jpg\",\"width\":247,\"height\":121,\"caption\":\"Acudia Sea Trips\"},\"image\":{\"@id\":\"https:\/\/www.alcudiaseatrips.com\/de\/#\/schema\/logo\/image\/\"},\"sameAs\":[\"https:\/\/www.facebook.com\/alcudiaseatrips\/\",\"https:\/\/www.instagram.com\/alcudiaseatrips\/?hl=es\",\"https:\/\/www.youtube.com\/channel\/UCXGguFsHWQM8G0rgov3aV8w\"]}]}<\/script>\n<!-- \/ Yoast SEO plugin. -->","yoast_head_json":{"title":"Hochzeit - Alcudia Sea Trips","robots":{"index":"index","follow":"follow","max-snippet":"max-snippet:-1","max-image-preview":"max-image-preview:large","max-video-preview":"max-video-preview:-1"},"canonical":"https:\/\/www.alcudiaseatrips.com\/de\/hochzeit\/","og_locale":"de_DE","og_type":"article","og_title":"Hochzeit - Alcudia Sea Trips","og_description":"Bootsverleih f\u00fcr Hochzeiten auf Mallorca Feiern Sie Ihre Hochzeit auf unserem Katamaran Eine andere und originelle Art und Weise diesen besonderen Tag zu feiern. W\u00e4hlen Sie einen beliebigen Punkt an unserer sch\u00f6nen K\u00fcste aus, und wir werden Ihre Hochzeit unvergesslich gestalten und uns auch um das kleinste Detail k\u00fcmmern.","og_url":"https:\/\/www.alcudiaseatrips.com\/de\/hochzeit\/","og_site_name":"Alcudia Sea Trips","article_publisher":"https:\/\/www.facebook.com\/alcudiaseatrips\/","article_modified_time":"2026-03-20T10:20:31+00:00","twitter_card":"summary_large_image","schema":{"@context":"https:\/\/schema.org","@graph":[{"@type":"WebPage","@id":"https:\/\/www.alcudiaseatrips.com\/de\/hochzeit\/","url":"https:\/\/www.alcudiaseatrips.com\/de\/hochzeit\/","name":"Hochzeit - Alcudia Sea Trips","isPartOf":{"@id":"https:\/\/www.alcudiaseatrips.com\/de\/#website"},"datePublished":"2022-07-14T11:50:47+00:00","dateModified":"2026-03-20T10:20:31+00:00","breadcrumb":{"@id":"https:\/\/www.alcudiaseatrips.com\/de\/hochzeit\/#breadcrumb"},"inLanguage":"de","potentialAction":[{"@type":"ReadAction","target":["https:\/\/www.alcudiaseatrips.com\/de\/hochzeit\/"]}]},{"@type":"BreadcrumbList","@id":"https:\/\/www.alcudiaseatrips.com\/de\/hochzeit\/#breadcrumb","itemListElement":[{"@type":"ListItem","position":1,"name":"Portada","item":"https:\/\/www.alcudiaseatrips.com\/de\/"},{"@type":"ListItem","position":2,"name":"Hochzeit"}]},{"@type":"WebSite","@id":"https:\/\/www.alcudiaseatrips.com\/de\/#website","url":"https:\/\/www.alcudiaseatrips.com\/de\/","name":"Alcudia Sea Trips","description":"Alcudia Sea Trips","publisher":{"@id":"https:\/\/www.alcudiaseatrips.com\/de\/#organization"},"potentialAction":[{"@type":"SearchAction","target":{"@type":"EntryPoint","urlTemplate":"https:\/\/www.alcudiaseatrips.com\/de\/?s={search_term_string}"},"query-input":{"@type":"PropertyValueSpecification","valueRequired":true,"valueName":"search_term_string"}}],"inLanguage":"de"},{"@type":"Organization","@id":"https:\/\/www.alcudiaseatrips.com\/de\/#organization","name":"Acudia Sea Trips","url":"https:\/\/www.alcudiaseatrips.com\/de\/","logo":{"@type":"ImageObject","inLanguage":"de","@id":"https:\/\/www.alcudiaseatrips.com\/de\/#\/schema\/logo\/image\/","url":"https:\/\/www.alcudiaseatrips.com\/wp-content\/uploads\/2024\/05\/logo-alcudia-sea-trips-ver.jpg","contentUrl":"https:\/\/www.alcudiaseatrips.com\/wp-content\/uploads\/2024\/05\/logo-alcudia-sea-trips-ver.jpg","width":247,"height":121,"caption":"Acudia Sea Trips"},"image":{"@id":"https:\/\/www.alcudiaseatrips.com\/de\/#\/schema\/logo\/image\/"},"sameAs":["https:\/\/www.facebook.com\/alcudiaseatrips\/","https:\/\/www.instagram.com\/alcudiaseatrips\/?hl=es","https:\/\/www.youtube.com\/channel\/UCXGguFsHWQM8G0rgov3aV8w"]}]}},"_links":{"self":[{"href":"https:\/\/www.alcudiaseatrips.com\/de\/wp-json\/wp\/v2\/pages\/3325","targetHints":{"allow":["GET"]}}],"collection":[{"href":"https:\/\/www.alcudiaseatrips.com\/de\/wp-json\/wp\/v2\/pages"}],"about":[{"href":"https:\/\/www.alcudiaseatrips.com\/de\/wp-json\/wp\/v2\/types\/page"}],"author":[{"embeddable":true,"href":"https:\/\/www.alcudiaseatrips.com\/de\/wp-json\/wp\/v2\/users\/1"}],"replies":[{"embeddable":true,"href":"https:\/\/www.alcudiaseatrips.com\/de\/wp-json\/wp\/v2\/comments?post=3325"}],"version-history":[{"count":1,"href":"https:\/\/www.alcudiaseatrips.com\/de\/wp-json\/wp\/v2\/pages\/3325\/revisions"}],"predecessor-version":[{"id":3326,"href":"https:\/\/www.alcudiaseatrips.com\/de\/wp-json\/wp\/v2\/pages\/3325\/revisions\/3326"}],"wp:attachment":[{"href":"https:\/\/www.alcudiaseatrips.com\/de\/wp-json\/wp\/v2\/media?parent=3325"}],"curies":[{"name":"wp","href":"https:\/\/api.w.org\/{rel}","templated":true}]}}