{"id":3238,"date":"2022-07-14T08:02:02","date_gmt":"2022-07-14T08:02:02","guid":{"rendered":"https:\/\/www.alcudiaseatrips.com\/rechtliche-hinweise\/"},"modified":"2022-07-14T08:31:57","modified_gmt":"2022-07-14T08:31:57","slug":"rechtliche-hinweise","status":"publish","type":"page","link":"https:\/\/www.alcudiaseatrips.com\/de\/rechtliche-hinweise\/","title":{"rendered":"Rechtliche Hinweise"},"content":{"rendered":"\t\t<div data-elementor-type=\"wp-page\" data-elementor-id=\"3238\" class=\"elementor elementor-3238 elementor-799\" data-elementor-post-type=\"page\">\n\t\t\t\t\t\t<section class=\"elementor-section elementor-top-section elementor-element elementor-element-6f0fb27 elementor-section-boxed elementor-section-height-default elementor-section-height-default\" data-id=\"6f0fb27\" data-element_type=\"section\" data-e-type=\"section\">\n\t\t\t\t\t\t<div class=\"elementor-container elementor-column-gap-default\">\n\t\t\t\t\t<div class=\"elementor-column elementor-col-100 elementor-top-column elementor-element elementor-element-2d8b0ac\" data-id=\"2d8b0ac\" data-element_type=\"column\" data-e-type=\"column\">\n\t\t\t<div class=\"elementor-widget-wrap elementor-element-populated\">\n\t\t\t\t\t\t<div class=\"elementor-element elementor-element-fe4a289 elementor-widget elementor-widget-text-editor\" data-id=\"fe4a289\" data-element_type=\"widget\" data-e-type=\"widget\" data-widget_type=\"text-editor.default\">\n\t\t\t\t<div class=\"elementor-widget-container\">\n\t\t\t\t\t\t\t\t\t<p><strong>RECHTLICHE HINWEISE<\/strong><br>\r\n  <\/p>\r\n<p>Gem\u00e4\u00df den Bestimmungen der Artikel 10 und 11 im Gesetz 34\/2002 vom 11. Juli \u00fcber Dienstleistungen der Informationsgesellschaft und des elektronischen Gesch\u00e4ftsverkehrs werden hiermit den Benutzern und Besuchern die rechtlichen Hinweise bez\u00fcglich des Inhabers der Website mit der URL www.alcudiaseatrips.com zur Kenntnis gebracht.<br>\r\n  <\/p>\r\n<p><strong><u>Inhaber der website<\/u><\/strong><br>\r\n  Bezeichnung der Gesellschaft: TRANSPORTES MAR\u00cdTIMOS BRISA S.L.<br>\r\n  Steueridentnummer (CIF): B57204521<br>\r\n  Gesellschaftssitz: C\/ MAR I ESTANY, N\u00ba 2, 1 07400 ALCUDIA, BALEARES<br>\r\n  E-Mail-Adresse: info@tmbrisa.com<br>\r\n  Telefon: 971545811<br>\r\n  EINGETRAGEN IM HANDELSREGISTER DER BALEARISCHEN INSELN UNTER BAND 1982, BOGEN 4, REGISTERBLATT 43837, ABSCHNITT 8.<\/p>\r\n<p><strong>Nutzungsbedingungen<\/strong><br>\r\nUm auf dieser Website als Besucher zu surfen oder um sich zu registrieren und auf die von www.alcudiaseatrips. com angebotenen Dienste zuzugreifen, m\u00fcssen Sie Ihre Zustimmung zu den folgenden Dienstleistungs- und Nutzungsbedingungen f\u00fcr erteilen:<\/p>\r\n<ol>\r\n  <li>Der Benutzer erkennt die vorliegenden allgemeinen Nutzungs- und Servicebedingungen der Website www. alcudiaseatrips.com an.<\/li>\r\n<\/ol>\r\n<p>Wenn der Benutzer diese Bedingungen nicht akzeptiert, darf er die Dienste und Inhalte der Website www. alcudiaseatrips.com nicht nutzen.<\/p>\r\n<ol>\r\n  <li>Die vorliegenden Nutzungsbedingungen regeln den Zugang und die Nutzung der Website www.alcudiaseatrips. com. Durch die Nutzung dieser Website werden Sie von dem Moment an, in dem Sie auf die Website zugreifen und sie durchsuchen, zu einem Benutzer. Ab dem Zeitpunkt des Zugriffs auf beliebige Inhalte akzeptiert der Benutzer ausdr\u00fccklich die vorliegenden allgemeinen Bedingungen. Der Benutzer akzeptiert die besonderen Bedingungen, die f\u00fcr die verschiedenen, vom Unternehmen auf der von ihm besuchten Website angebotenen Dienste gelten.<\/li>\r\n<\/ol>\r\n<ol>\r\n  <li>Die Website www.alcudiaseatrips.com erm\u00f6glicht den Benutzern den Zugang zu und die Nutzung von verschiedenen Informationen und Dienstleistungen.<\/li>\r\n  <li>Der Benutzer muss vollj\u00e4hrig sein, um die Dienste der Website www.alcudiaseatrips.com nutzen zu k\u00f6nnen. Minderj\u00e4hrige unter 18 Jahren d\u00fcrfen die Dienste der Website www.alcudiaseatrips.com nur unter der Aufsicht eines Elternteils oder Erziehungsberechtigten nutzen.<\/li>\r\n  <li>Der Benutzer verpflichtet sich, die Inhalte und Dienste der Website www.alcudiaseatrips.com angemessen zu nutzen. Diese Nutzung muss in \u00dcbereinstimmung mit dem Gesetz, den guten Sitten, der \u00f6ffentlichen Ordnung und den Bestimmungen dieser allgemeinen Bedingungen erfolgen.<\/li>\r\n  <li>Die Bereitstellung von Diensten und der Zugang zu Informationen auf der Website erfordern im Allgemeinen keine vorherige Anmeldung oder Registrierung durch den Benutzer. Allerdings macht TRANSPORTES MAR\u00cdTIMOS BRISA S.L. die Nutzung einiger der auf der Website angebotenen Dienste davon abh\u00e4ngig, dass der Benutzer zuvor das entsprechende Formular zur Registrierung oder Erfassung pers\u00f6nlicher Daten ausf\u00fcllt. Die vorgenannte Registrierung erfolgt auf die Art und Weise, die in dem Dienst selbst oder in den besonderen<\/li>\r\n<\/ol>\r\n<p>Bedingungen, die diesen gegebenenfalls regeln, ausdr\u00fccklich angegeben ist.<\/p>\r\n<ol>\r\n  <li>Der Benutzer verpflichtet sich, keine Handlungen vorzunehmen, die den Inhalt, die Dienste und\/oder die normale Nutzung der Website www.alcudiaseatrips.com durch andere Benutzer besch\u00e4digen, unbrauchbar machen, unzug\u00e4nglich machen oder verschlechtern k\u00f6nnen. Der Benutzer verpflichtet sich insbesondere und beispielhaft, aber nicht ausschlie\u00dflich:<\/li>\r\n<\/ol>\r\n<p>keine Handlungen vorzunehmen, die personenbezogene Daten, Programme oder elektronische Dokumente auf der Website beeintr\u00e4chtigen, zerst\u00f6ren, ver\u00e4ndern, unbrauchbar machen oder besch\u00e4digen k\u00f6nnen.<br>\r\n  keine Computerprogramme, Daten, Viren oder Codes einzuf\u00fchren, zu speichern oder zu verbreiten, die der Website, einem der Dienste oder einem der Ger\u00e4te, Systeme oder Netzwerke des Unternehmens, eines anderen Benutzers und\/oder eines Lieferanten des Unternehmens Schaden zuf\u00fcgen k\u00f6nnen.<br>\r\n  <\/p>\r\n<p><strong>\u00c4nderungen<\/strong><br>\r\n  Das Unternehmen beh\u00e4lt sich das Recht vor, die vorliegenden Bedingungen jederzeit und ohne vorherige Ank\u00fcndigung einseitig zu \u00e4ndern. In solchen F\u00e4llen werden sie so weit wie m\u00f6glich im Voraus ver\u00f6ffentlicht und mitgeteilt. Ebenso beh\u00e4lt es sich das Recht vor, die Pr\u00e4sentation und Konfiguration der Website jederzeit und ohne vorherige Ank\u00fcndigung einseitig zu \u00e4ndern.<br>\r\n  <\/p>\r\n<p><strong>Links zu drittanbietern<\/strong><br>\r\n  Dieser rechtliche Hinweis bezieht sich nur auf die Website und gilt nicht f\u00fcr Links oder Websites Dritter, die \u00fcber die Website zug\u00e4nglich sind. Das Unternehmen ist weder f\u00fcr den Inhalt einer der Ziel-Websites eines Links noch f\u00fcr einen Link verantwortlich, der auf einer Website enthalten ist, die von der Website des Unternehmens aus erreicht wird.<br>\r\n  <\/p>\r\n<p><strong>Geistiges und gewerbliches eigentum<\/strong><br>\r\n  Der gesamte Inhalt der Website ist ausschlie\u00dfliches Eigentum des Unternehmens, einschlie\u00dflich, aber nicht beschr\u00e4nkt auf das grafische Design, den Quellcode, Logos, Texte, Grafiken, Illustrationen, Fotos und andere Elemente, die auf der Website erscheinen. Ebenso sind die auf der Website enthaltenen Handelsnamen, Marken oder Kennzeichen jeglicher Art durch das Recht des geistigen und gewerblichen Eigentums gesch\u00fctzt. Das Unternehmen hat das ausschlie\u00dfliche Recht, das oben genannte geistige Eigentum in jeder Form zu verwerten, insbesondere das Recht auf Vervielf\u00e4ltigung, Verbreitung und \u00f6ffentliche Wiedergabe.<br>\r\n  Dem Benutzer ist es untersagt, die Inhalte der Website, die das geistige oder gewerbliche Eigentum des Unternehmens an der Website und\/oder ihren Inhalten darstellen, ganz oder teilweise ohne Zustimmung zu nutzen.<br>\r\n  Das Unternehmen beh\u00e4lt sich das Recht vor, rechtliche Schritte jeglicher Art gegen jeden Benutzer zu unternehmen, der Handlungen unternimmt, die eine Vervielf\u00e4ltigung, Verbreitung, Vermarktung, Umwandlung und im Allgemeinen jede andere Form der gewerblichen Nutzung der Inhalte der Website, ganz oder teilweise, durch beliebige Verfahren darstellen, die gegen seine geistigen und\/oder gewerblichen Eigentumsrechte versto\u00dfen.<br>\r\n  <\/p>\r\n<p><strong>Mitteilungen<\/strong><br>\r\n  Im Sinne dieser Allgemeinen Bedingungen ist f\u00fcr alle Mitteilungen, die zwischen dem Unternehmen und dem Benutzer erforderlich werden, die E-Mail-Adresse info@tmbrisa.com zu verwenden. Die Kommunikation zwischen dem Unternehmen und dem Benutzer erfolgt im Einklang mit den personenbezogenen Daten, die der Benutzer bei der Registrierung auf der Website www.alcudiaseatrips.com angegeben hat. Der Benutzer akzeptiert ausdr\u00fccklich f\u00fcr alle Mitteilungen im Zusammenhang mit der Nutzung der Website und\/oder der Inanspruchnahme der dort angebotenen Dienstleistungen die Verwendung von E-Mail als g\u00fcltiges Verfahren f\u00fcr den Versand solcher Mitteilungen.<br>\r\n  <\/p>\r\n<p><strong>Anwendbare gesetzgebung und gerichtsstand<\/strong><br>\r\n  Diese Bedingungen unterliegen dem spanischen Recht, das in allen Fragen der Auslegung, G\u00fcltigkeit und Ausf\u00fchrung, die in diesem Vertrag nicht vorgesehen sind, anwendbar ist. Die Parteien verzichten ausdr\u00fccklich auf einen ihnen m\u00f6glicherweise zustehenden Gerichtsstand und unterwerfen sich ausdr\u00fccklich den Gerichten von Palma de Mallorca, um Streitigkeiten zu l\u00f6sen, die sich aus der Auslegung oder Durchsetzung der vorliegenden Vertragsbedingungen ergeben.<\/p>\t\t\t\t\t\t\t\t<\/div>\n\t\t\t\t<\/div>\n\t\t\t\t\t<\/div>\n\t\t<\/div>\n\t\t\t\t\t<\/div>\n\t\t<\/section>\n\t\t\t\t<\/div>\n\t\t","protected":false},"excerpt":{"rendered":"<p>RECHTLICHE HINWEISE Gem\u00e4\u00df den Bestimmungen der Artikel 10 und 11 im Gesetz 34\/2002 vom 11. Juli \u00fcber Dienstleistungen der Informationsgesellschaft und des elektronischen Gesch\u00e4ftsverkehrs werden hiermit den Benutzern und Besuchern die rechtlichen Hinweise bez\u00fcglich des Inhabers der Website mit der URL www.alcudiaseatrips.com zur Kenntnis gebracht. Inhaber der website Bezeichnung der Gesellschaft: TRANSPORTES MAR\u00cdTIMOS BRISA S.L. [&hellip;]<\/p>\n","protected":false},"author":1,"featured_media":0,"parent":0,"menu_order":0,"comment_status":"closed","ping_status":"closed","template":"","meta":{"_acf_changed":false,"_glsr_average":0,"_glsr_ranking":0,"_glsr_reviews":0,"footnotes":""},"class_list":["post-3238","page","type-page","status-publish","hentry"],"acf":[],"yoast_head":"<!-- This site is optimized with the Yoast SEO plugin v24.2 - https:\/\/yoast.com\/wordpress\/plugins\/seo\/ -->\n<title>Rechtliche Hinweise - Alcudia Sea Trips<\/title>\n<meta name=\"robots\" content=\"index, follow, max-snippet:-1, max-image-preview:large, max-video-preview:-1\" \/>\n<link rel=\"canonical\" href=\"https:\/\/www.alcudiaseatrips.com\/de\/rechtliche-hinweise\/\" \/>\n<meta property=\"og:locale\" content=\"de_DE\" \/>\n<meta property=\"og:type\" content=\"article\" \/>\n<meta property=\"og:title\" content=\"Rechtliche Hinweise - Alcudia Sea Trips\" \/>\n<meta property=\"og:description\" content=\"RECHTLICHE HINWEISE Gem\u00e4\u00df den Bestimmungen der Artikel 10 und 11 im Gesetz 34\/2002 vom 11. Juli \u00fcber Dienstleistungen der Informationsgesellschaft und des elektronischen Gesch\u00e4ftsverkehrs werden hiermit den Benutzern und Besuchern die rechtlichen Hinweise bez\u00fcglich des Inhabers der Website mit der URL www.alcudiaseatrips.com zur Kenntnis gebracht. Inhaber der website Bezeichnung der Gesellschaft: TRANSPORTES MAR\u00cdTIMOS BRISA S.L. [&hellip;]\" \/>\n<meta property=\"og:url\" content=\"https:\/\/www.alcudiaseatrips.com\/de\/rechtliche-hinweise\/\" \/>\n<meta property=\"og:site_name\" content=\"Alcudia Sea Trips\" \/>\n<meta property=\"article:publisher\" content=\"https:\/\/www.facebook.com\/alcudiaseatrips\/\" \/>\n<meta property=\"article:modified_time\" content=\"2022-07-14T08:31:57+00:00\" \/>\n<meta name=\"twitter:card\" content=\"summary_large_image\" \/>\n<meta name=\"twitter:label1\" content=\"Gesch\u00e4tzte Lesezeit\" \/>\n\t<meta name=\"twitter:data1\" content=\"5\u00a0Minuten\" \/>\n<script type=\"application\/ld+json\" class=\"yoast-schema-graph\">{\"@context\":\"https:\/\/schema.org\",\"@graph\":[{\"@type\":\"WebPage\",\"@id\":\"https:\/\/www.alcudiaseatrips.com\/de\/rechtliche-hinweise\/\",\"url\":\"https:\/\/www.alcudiaseatrips.com\/de\/rechtliche-hinweise\/\",\"name\":\"Rechtliche Hinweise - Alcudia Sea Trips\",\"isPartOf\":{\"@id\":\"https:\/\/www.alcudiaseatrips.com\/de\/#website\"},\"datePublished\":\"2022-07-14T08:02:02+00:00\",\"dateModified\":\"2022-07-14T08:31:57+00:00\",\"breadcrumb\":{\"@id\":\"https:\/\/www.alcudiaseatrips.com\/de\/rechtliche-hinweise\/#breadcrumb\"},\"inLanguage\":\"de\",\"potentialAction\":[{\"@type\":\"ReadAction\",\"target\":[\"https:\/\/www.alcudiaseatrips.com\/de\/rechtliche-hinweise\/\"]}]},{\"@type\":\"BreadcrumbList\",\"@id\":\"https:\/\/www.alcudiaseatrips.com\/de\/rechtliche-hinweise\/#breadcrumb\",\"itemListElement\":[{\"@type\":\"ListItem\",\"position\":1,\"name\":\"Portada\",\"item\":\"https:\/\/www.alcudiaseatrips.com\/de\/\"},{\"@type\":\"ListItem\",\"position\":2,\"name\":\"Rechtliche Hinweise\"}]},{\"@type\":\"WebSite\",\"@id\":\"https:\/\/www.alcudiaseatrips.com\/de\/#website\",\"url\":\"https:\/\/www.alcudiaseatrips.com\/de\/\",\"name\":\"Alcudia Sea Trips\",\"description\":\"Alcudia Sea Trips\",\"publisher\":{\"@id\":\"https:\/\/www.alcudiaseatrips.com\/de\/#organization\"},\"potentialAction\":[{\"@type\":\"SearchAction\",\"target\":{\"@type\":\"EntryPoint\",\"urlTemplate\":\"https:\/\/www.alcudiaseatrips.com\/de\/?s={search_term_string}\"},\"query-input\":{\"@type\":\"PropertyValueSpecification\",\"valueRequired\":true,\"valueName\":\"search_term_string\"}}],\"inLanguage\":\"de\"},{\"@type\":\"Organization\",\"@id\":\"https:\/\/www.alcudiaseatrips.com\/de\/#organization\",\"name\":\"Acudia Sea Trips\",\"url\":\"https:\/\/www.alcudiaseatrips.com\/de\/\",\"logo\":{\"@type\":\"ImageObject\",\"inLanguage\":\"de\",\"@id\":\"https:\/\/www.alcudiaseatrips.com\/de\/#\/schema\/logo\/image\/\",\"url\":\"https:\/\/www.alcudiaseatrips.com\/wp-content\/uploads\/2024\/05\/logo-alcudia-sea-trips-ver.jpg\",\"contentUrl\":\"https:\/\/www.alcudiaseatrips.com\/wp-content\/uploads\/2024\/05\/logo-alcudia-sea-trips-ver.jpg\",\"width\":247,\"height\":121,\"caption\":\"Acudia Sea Trips\"},\"image\":{\"@id\":\"https:\/\/www.alcudiaseatrips.com\/de\/#\/schema\/logo\/image\/\"},\"sameAs\":[\"https:\/\/www.facebook.com\/alcudiaseatrips\/\",\"https:\/\/www.instagram.com\/alcudiaseatrips\/?hl=es\",\"https:\/\/www.youtube.com\/channel\/UCXGguFsHWQM8G0rgov3aV8w\"]}]}<\/script>\n<!-- \/ Yoast SEO plugin. -->","yoast_head_json":{"title":"Rechtliche Hinweise - Alcudia Sea Trips","robots":{"index":"index","follow":"follow","max-snippet":"max-snippet:-1","max-image-preview":"max-image-preview:large","max-video-preview":"max-video-preview:-1"},"canonical":"https:\/\/www.alcudiaseatrips.com\/de\/rechtliche-hinweise\/","og_locale":"de_DE","og_type":"article","og_title":"Rechtliche Hinweise - Alcudia Sea Trips","og_description":"RECHTLICHE HINWEISE Gem\u00e4\u00df den Bestimmungen der Artikel 10 und 11 im Gesetz 34\/2002 vom 11. Juli \u00fcber Dienstleistungen der Informationsgesellschaft und des elektronischen Gesch\u00e4ftsverkehrs werden hiermit den Benutzern und Besuchern die rechtlichen Hinweise bez\u00fcglich des Inhabers der Website mit der URL www.alcudiaseatrips.com zur Kenntnis gebracht. Inhaber der website Bezeichnung der Gesellschaft: TRANSPORTES MAR\u00cdTIMOS BRISA S.L. [&hellip;]","og_url":"https:\/\/www.alcudiaseatrips.com\/de\/rechtliche-hinweise\/","og_site_name":"Alcudia Sea Trips","article_publisher":"https:\/\/www.facebook.com\/alcudiaseatrips\/","article_modified_time":"2022-07-14T08:31:57+00:00","twitter_card":"summary_large_image","twitter_misc":{"Gesch\u00e4tzte Lesezeit":"5\u00a0Minuten"},"schema":{"@context":"https:\/\/schema.org","@graph":[{"@type":"WebPage","@id":"https:\/\/www.alcudiaseatrips.com\/de\/rechtliche-hinweise\/","url":"https:\/\/www.alcudiaseatrips.com\/de\/rechtliche-hinweise\/","name":"Rechtliche Hinweise - Alcudia Sea Trips","isPartOf":{"@id":"https:\/\/www.alcudiaseatrips.com\/de\/#website"},"datePublished":"2022-07-14T08:02:02+00:00","dateModified":"2022-07-14T08:31:57+00:00","breadcrumb":{"@id":"https:\/\/www.alcudiaseatrips.com\/de\/rechtliche-hinweise\/#breadcrumb"},"inLanguage":"de","potentialAction":[{"@type":"ReadAction","target":["https:\/\/www.alcudiaseatrips.com\/de\/rechtliche-hinweise\/"]}]},{"@type":"BreadcrumbList","@id":"https:\/\/www.alcudiaseatrips.com\/de\/rechtliche-hinweise\/#breadcrumb","itemListElement":[{"@type":"ListItem","position":1,"name":"Portada","item":"https:\/\/www.alcudiaseatrips.com\/de\/"},{"@type":"ListItem","position":2,"name":"Rechtliche Hinweise"}]},{"@type":"WebSite","@id":"https:\/\/www.alcudiaseatrips.com\/de\/#website","url":"https:\/\/www.alcudiaseatrips.com\/de\/","name":"Alcudia Sea Trips","description":"Alcudia Sea Trips","publisher":{"@id":"https:\/\/www.alcudiaseatrips.com\/de\/#organization"},"potentialAction":[{"@type":"SearchAction","target":{"@type":"EntryPoint","urlTemplate":"https:\/\/www.alcudiaseatrips.com\/de\/?s={search_term_string}"},"query-input":{"@type":"PropertyValueSpecification","valueRequired":true,"valueName":"search_term_string"}}],"inLanguage":"de"},{"@type":"Organization","@id":"https:\/\/www.alcudiaseatrips.com\/de\/#organization","name":"Acudia Sea Trips","url":"https:\/\/www.alcudiaseatrips.com\/de\/","logo":{"@type":"ImageObject","inLanguage":"de","@id":"https:\/\/www.alcudiaseatrips.com\/de\/#\/schema\/logo\/image\/","url":"https:\/\/www.alcudiaseatrips.com\/wp-content\/uploads\/2024\/05\/logo-alcudia-sea-trips-ver.jpg","contentUrl":"https:\/\/www.alcudiaseatrips.com\/wp-content\/uploads\/2024\/05\/logo-alcudia-sea-trips-ver.jpg","width":247,"height":121,"caption":"Acudia Sea Trips"},"image":{"@id":"https:\/\/www.alcudiaseatrips.com\/de\/#\/schema\/logo\/image\/"},"sameAs":["https:\/\/www.facebook.com\/alcudiaseatrips\/","https:\/\/www.instagram.com\/alcudiaseatrips\/?hl=es","https:\/\/www.youtube.com\/channel\/UCXGguFsHWQM8G0rgov3aV8w"]}]}},"_links":{"self":[{"href":"https:\/\/www.alcudiaseatrips.com\/de\/wp-json\/wp\/v2\/pages\/3238","targetHints":{"allow":["GET"]}}],"collection":[{"href":"https:\/\/www.alcudiaseatrips.com\/de\/wp-json\/wp\/v2\/pages"}],"about":[{"href":"https:\/\/www.alcudiaseatrips.com\/de\/wp-json\/wp\/v2\/types\/page"}],"author":[{"embeddable":true,"href":"https:\/\/www.alcudiaseatrips.com\/de\/wp-json\/wp\/v2\/users\/1"}],"replies":[{"embeddable":true,"href":"https:\/\/www.alcudiaseatrips.com\/de\/wp-json\/wp\/v2\/comments?post=3238"}],"version-history":[{"count":3,"href":"https:\/\/www.alcudiaseatrips.com\/de\/wp-json\/wp\/v2\/pages\/3238\/revisions"}],"predecessor-version":[{"id":3250,"href":"https:\/\/www.alcudiaseatrips.com\/de\/wp-json\/wp\/v2\/pages\/3238\/revisions\/3250"}],"wp:attachment":[{"href":"https:\/\/www.alcudiaseatrips.com\/de\/wp-json\/wp\/v2\/media?parent=3238"}],"curies":[{"name":"wp","href":"https:\/\/api.w.org\/{rel}","templated":true}]}}